{"id":877,"date":"2025-09-10T16:21:55","date_gmt":"2025-09-10T19:21:55","guid":{"rendered":"https:\/\/www.fotorama.cl\/pro\/?page_id=877"},"modified":"2025-09-18T16:59:00","modified_gmt":"2025-09-18T19:59:00","slug":"fotografia-industrial","status":"publish","type":"page","link":"https:\/\/www.fotorama.cl\/pro\/fotografia-industrial\/","title":{"rendered":"Fotografia industrial"},"content":{"rendered":"\n\n\n\n<h2>Fotografia industrial<\/h2>\n\n\n\n\n\n\n\ud83d\udc4b \u00a1Hola! La fotograf\u00eda corporativa es una herramienta esencial para las empresas, ya que captura la esencia de su cultura y el ambiente de trabajo.\n\ud83c\udfe2 En Fotorama, nos especializamos en documentar a las personas en su entorno laboral, mostrando no solo el proceso de trabajo, sino tambi\u00e9n la colaboraci\u00f3n y el esp\u00edritu de equipo a trav\u00e9s de fotos grupales.\n\ud83d\udcf8 Estas im\u00e1genes no solo son valiosas para la comunicaci\u00f3n interna, sino que tambi\u00e9n ayudan a proyectar una imagen profesional hacia clientes y socios.\n\ud83e\udd1d Nos enorgullece ser un equipo siempre disponible para atender tus necesidades fotogr\u00e1ficas, garantizando que cada proyecto se realice con la atenci\u00f3n y profesionalismo que mereces.\n\ud83d\udce9 \u00bfQuieres m\u00e1s informaci\u00f3n o agendar tu sesi\u00f3n? Escr\u00edbenos a:\nhola@fotorama.cl\n\ud83d\udcf2 Tambi\u00e9n puedes contactarnos f\u00e1cilmente haciendo clic en el bot\u00f3n de WhatsApp que est\u00e1 abajo a la derecha.\nSi est\u00e1s buscando retratos corporativos, tenemos una secci\u00f3n dedicada en nuestra web donde puedes encontrar m\u00e1s informaci\u00f3n y ejemplos de nuestro trabajo. Clic aca\n\n\n","protected":false},"excerpt":{"rendered":"","protected":false},"author":1,"featured_media":0,"parent":0,"menu_order":0,"comment_status":"closed","ping_status":"closed","template":"","meta":{"pagelayer_contact_templates":[],"_pagelayer_content":"","_monsterinsights_skip_tracking":false,"_monsterinsights_sitenote_active":false,"_monsterinsights_sitenote_note":"","_monsterinsights_sitenote_category":0,"_uf_show_specific_survey":0,"_uf_disable_surveys":false,"footnotes":""},"class_list":["post-877","page","type-page","status-publish","hentry"],"aioseo_notices":[],"_links":{"self":[{"href":"https:\/\/www.fotorama.cl\/pro\/wp-json\/wp\/v2\/pages\/877","targetHints":{"allow":["GET"]}}],"collection":[{"href":"https:\/\/www.fotorama.cl\/pro\/wp-json\/wp\/v2\/pages"}],"about":[{"href":"https:\/\/www.fotorama.cl\/pro\/wp-json\/wp\/v2\/types\/page"}],"author":[{"embeddable":true,"href":"https:\/\/www.fotorama.cl\/pro\/wp-json\/wp\/v2\/users\/1"}],"replies":[{"embeddable":true,"href":"https:\/\/www.fotorama.cl\/pro\/wp-json\/wp\/v2\/comments?post=877"}],"version-history":[{"count":4,"href":"https:\/\/www.fotorama.cl\/pro\/wp-json\/wp\/v2\/pages\/877\/revisions"}],"predecessor-version":[{"id":1031,"href":"https:\/\/www.fotorama.cl\/pro\/wp-json\/wp\/v2\/pages\/877\/revisions\/1031"}],"wp:attachment":[{"href":"https:\/\/www.fotorama.cl\/pro\/wp-json\/wp\/v2\/media?parent=877"}],"curies":[{"name":"wp","href":"https:\/\/api.w.org\/{rel}","templated":true}]}}