{"id":866,"date":"2025-09-10T16:07:36","date_gmt":"2025-09-10T19:07:36","guid":{"rendered":"https:\/\/www.fotorama.cl\/pro\/?page_id=866"},"modified":"2025-09-10T17:40:53","modified_gmt":"2025-09-10T20:40:53","slug":"fotografia-corporativa","status":"publish","type":"page","link":"https:\/\/www.fotorama.cl\/pro\/fotografia-corporativa\/","title":{"rendered":"Fotografia corporativa"},"content":{"rendered":"\n\n\n\n\n<h2>Fotografia para empresas, fundaciones ONGs y otros<\/h2>\n\n\n\n\n\n\n\n\n\n\n\n<img decoding=\"async\" draggable=\"true\" role=\"img\" class=\"emoji\" alt=\"\ud83d\udcf8\" src=\"https:\/\/s.w.org\/images\/core\/emoji\/16.0.1\/svg\/1f4f8.svg\"> La fotograf\u00eda corporativa es una herramienta primordial en el mundo actual, especialmente para la web y\/o impresos.\n\n\n\n\n\n\ud83d\udc64 En Fotorama, entendemos que un retrato bien ejecutado no solo captura la esencia de una persona, sino que tambi\u00e9n refleja la identidad y los valores de la empresa.\n\n\n\n\n\n<img decoding=\"async\" draggable=\"true\" role=\"img\" class=\"emoji\" alt=\"\ud83d\udccd\" src=\"https:\/\/s.w.org\/images\/core\/emoji\/16.0.1\/svg\/1f4cd.svg\"> Ofrecemos sesiones de fotos grupales y de la institucion asi como individuales para que la imagen de su empresa represente lo que quieren comunicar de la mejor forma\n\n\n\n\n\n\ud83d\udd70\ufe0f Con m\u00e1s de 20 a\u00f1os de experiencia, en Fotorama nos dedicamos a brindar un servicio de calidad y atenci\u00f3n personalizada.\n\n\n\n\n\n\n\ud83e\udd1d Nuestro equipo se esfuerza por crear un ambiente c\u00f3modo y profesional, lo que permite que nuestros clientes se sientan relajados y aut\u00e9nticos frente a la c\u00e1mara.\n\n\n\n\n\n\n\ud83c\udf1f Conf\u00eda en nosotros para llevar tu imagen profesional al siguiente nivel.\n\n\n\n\n\n\n\ud83d\udce9 \u00bfQuieres m\u00e1s informaci\u00f3n o agendar tu sesi\u00f3n? Escr\u00edbenos a:\nhola@fotorama.cl\n\n\n\n\n\n\n\ud83d\udcf2 Tambi\u00e9n puedes contactarnos f\u00e1cilmente haciendo clic en el bot\u00f3n de WhatsApp que est\u00e1 abajo a la derecha.\n\n\n\n\n\n<h6><a href=\"https:\/\/www.fotorama.cl\/pro\/retrato-corporativo\/\" style=\"color: rgb(0, 0, 0);\">Si est\u00e1s buscando retratos corporativos, tenemos una secci\u00f3n dedicada en nuestra web donde puedes encontrar m\u00e1s informaci\u00f3n y ejemplos de nuestro trabajo. Clic aca<\/a><\/h6>\n\n\n","protected":false},"excerpt":{"rendered":"","protected":false},"author":1,"featured_media":0,"parent":0,"menu_order":0,"comment_status":"closed","ping_status":"closed","template":"","meta":{"pagelayer_contact_templates":[],"_pagelayer_content":"","_monsterinsights_skip_tracking":false,"_monsterinsights_sitenote_active":false,"_monsterinsights_sitenote_note":"","_monsterinsights_sitenote_category":0,"_uf_show_specific_survey":0,"_uf_disable_surveys":false,"footnotes":""},"class_list":["post-866","page","type-page","status-publish","hentry"],"aioseo_notices":[],"_links":{"self":[{"href":"https:\/\/www.fotorama.cl\/pro\/wp-json\/wp\/v2\/pages\/866","targetHints":{"allow":["GET"]}}],"collection":[{"href":"https:\/\/www.fotorama.cl\/pro\/wp-json\/wp\/v2\/pages"}],"about":[{"href":"https:\/\/www.fotorama.cl\/pro\/wp-json\/wp\/v2\/types\/page"}],"author":[{"embeddable":true,"href":"https:\/\/www.fotorama.cl\/pro\/wp-json\/wp\/v2\/users\/1"}],"replies":[{"embeddable":true,"href":"https:\/\/www.fotorama.cl\/pro\/wp-json\/wp\/v2\/comments?post=866"}],"version-history":[{"count":7,"href":"https:\/\/www.fotorama.cl\/pro\/wp-json\/wp\/v2\/pages\/866\/revisions"}],"predecessor-version":[{"id":1009,"href":"https:\/\/www.fotorama.cl\/pro\/wp-json\/wp\/v2\/pages\/866\/revisions\/1009"}],"wp:attachment":[{"href":"https:\/\/www.fotorama.cl\/pro\/wp-json\/wp\/v2\/media?parent=866"}],"curies":[{"name":"wp","href":"https:\/\/api.w.org\/{rel}","templated":true}]}}