{"id":700,"date":"2025-08-03T02:39:29","date_gmt":"2025-08-03T05:39:29","guid":{"rendered":"https:\/\/www.fotorama.cl\/pro\/?page_id=700"},"modified":"2025-09-09T11:14:00","modified_gmt":"2025-09-09T14:14:00","slug":"sobre-daniel-h","status":"publish","type":"page","link":"https:\/\/www.fotorama.cl\/pro\/sobre-daniel-h\/","title":{"rendered":"Sobre Daniel H"},"content":{"rendered":"\n\n\n\n\n<h5 style=\"font-size: 22px; color: rgb(0, 0, 0); text-decoration-style: initial;\">Mi trabajo es observar con precisi\u00f3n y construir im\u00e1genes que comuniquen<\/h5>\n<p>Nadie sabe exactamente cu\u00e1ndo Daniel Hern\u00e1ndez se enamor\u00f3 de la luz. Tal vez fue una tarde cualquiera, en la infancia, cuando un rayo de sol entr\u00f3 por la ventana y dibuj\u00f3 en el suelo la silueta de su perro dormido. O quiz\u00e1s fue en ese instante preciso en que revel\u00f3 su primera imagen en el cuarto oscuro, y la magia apareci\u00f3, t\u00edmida, sobre el papel blanco. Lo cierto es que desde entonces, la fotograf\u00eda no fue una opci\u00f3n, sino un destino. Daniel no retrata rostros: retrata presencia. Y eso, como bien saben quienes han estado frente a su c\u00e1mara, es otra cosa. Es la suma de experiencia, sensibilidad visual y una capacidad poco com\u00fan para dirigir personas, espacios y energ\u00eda sin que se note. A lo largo de m\u00e1s de 20 a\u00f1os, ha fotografiado ejecutivos, artistas, cient\u00edficos, pol\u00edticos, emprendedores, artesanos y m\u00e9dicos con la misma entrega con la que fotografiar\u00eda un objeto precioso. Porque para Daniel, cada sujeto es \u00fanico, y cada encuadre es una decisi\u00f3n narrativa. Formado como fot\u00f3grafo profesional con menci\u00f3n en publicidad, ha desarrollado un lenguaje visual propio que combina t\u00e9cnica impecable, control de la luz, sensibilidad est\u00e9tica y un enfoque humano, directo y claro. Su estudio y su equipo t\u00e9cnico est\u00e1n dise\u00f1ados para adaptarse a cualquier tipo de producci\u00f3n: desde retratos corporativos sobrios hasta campa\u00f1as publicitarias con concepto, movimiento y car\u00e1cter. Daniel dirige sin imponer, observa sin forzar, y gu\u00eda con la naturalidad de quien entiende que la buena fotograf\u00eda no depende del modelo, sino del fot\u00f3grafo. Su capacidad de crear ambientes de confianza, incluso en sesiones complejas o con equipos grandes, es parte de lo que hace que sus clientes vuelvan. La otra parte es la calidad constante de sus resultados. Creativo inquieto, detallista y amante de los perros \u2014que a veces act\u00faan como sus asistentes emocionales en el estudio\u2014, Dani combina lo mejor de la vieja escuela con la innovaci\u00f3n constante. Le apasiona experimentar con luz, color, textura y narrativa visual, siempre con un objetivo claro: crear im\u00e1genes que comuniquen con precisi\u00f3n y car\u00e1cter. En Fotorama PRO, su visi\u00f3n y m\u00e9todo se ponen al servicio de marcas, profesionales, medios editoriales y campa\u00f1as que necesitan m\u00e1s que una imagen bonita: necesitan una imagen con intenci\u00f3n.<\/p>\n\n\n\n\n\n\n\n\n\n\n\n\n\n\n\n<h5><span style=\"color: rgb(255, 255, 255);\">20 a\u00f1os de experiencia<\/span><\/h5>\n<p><br><\/p>\n\n\n<h5><span style=\"color: rgb(255, 255, 255);\">Pet&nbsp;<\/span><span style=\"color: rgb(255, 255, 255);\">Friendly&nbsp;<\/span><\/h5>\n<p><br><\/p>\n\n\n<h5><font color=\"#ffffff\">Los mejores retratos<\/font><\/h5><h5><br><\/h5>\n\n\n<h5><span style=\"color: rgb(255, 255, 255);\">Un equipo de profesionales<\/span><\/h5>\n<p><br><\/p>\n\n\n\n\n<p><span style=\"color: rgb(255, 255, 255);\"><strong>Fotografo<\/strong><\/span><\/p>\n\n\n<p><span style=\"color: rgb(255, 255, 255);\"><strong>Fotografo<\/strong><\/span><\/p>\n\n\n<p><span style=\"color: rgb(255, 255, 255);\"><strong>Camarografo y editor<\/strong><\/span><\/p>\n\n\n<p><span style=\"color: rgb(255, 255, 255);\"><strong>Camarografo y editora<\/strong><\/span><\/p>\n\n\n\n","protected":false},"excerpt":{"rendered":"","protected":false},"author":1,"featured_media":0,"parent":0,"menu_order":0,"comment_status":"closed","ping_status":"closed","template":"","meta":{"pagelayer_contact_templates":[],"_pagelayer_content":"","_monsterinsights_skip_tracking":false,"_monsterinsights_sitenote_active":false,"_monsterinsights_sitenote_note":"","_monsterinsights_sitenote_category":0,"_uf_show_specific_survey":0,"_uf_disable_surveys":false,"footnotes":""},"class_list":["post-700","page","type-page","status-publish","hentry"],"aioseo_notices":[],"_links":{"self":[{"href":"https:\/\/www.fotorama.cl\/pro\/wp-json\/wp\/v2\/pages\/700","targetHints":{"allow":["GET"]}}],"collection":[{"href":"https:\/\/www.fotorama.cl\/pro\/wp-json\/wp\/v2\/pages"}],"about":[{"href":"https:\/\/www.fotorama.cl\/pro\/wp-json\/wp\/v2\/types\/page"}],"author":[{"embeddable":true,"href":"https:\/\/www.fotorama.cl\/pro\/wp-json\/wp\/v2\/users\/1"}],"replies":[{"embeddable":true,"href":"https:\/\/www.fotorama.cl\/pro\/wp-json\/wp\/v2\/comments?post=700"}],"version-history":[{"count":5,"href":"https:\/\/www.fotorama.cl\/pro\/wp-json\/wp\/v2\/pages\/700\/revisions"}],"predecessor-version":[{"id":798,"href":"https:\/\/www.fotorama.cl\/pro\/wp-json\/wp\/v2\/pages\/700\/revisions\/798"}],"wp:attachment":[{"href":"https:\/\/www.fotorama.cl\/pro\/wp-json\/wp\/v2\/media?parent=700"}],"curies":[{"name":"wp","href":"https:\/\/api.w.org\/{rel}","templated":true}]}}