{"id":399,"date":"2024-12-12T02:49:33","date_gmt":"2024-12-12T05:49:33","guid":{"rendered":"https:\/\/fotorama.cl\/pro\/?page_id=399"},"modified":"2025-12-26T23:51:55","modified_gmt":"2025-12-27T02:51:55","slug":"sesiones","status":"publish","type":"page","link":"https:\/\/www.fotorama.cl\/pro\/sesiones\/","title":{"rendered":"Valores"},"content":{"rendered":"\n\n\n\n\n\n\n<span style=\"color:#ffc266;\">Sesiones de retrato<\/span>\n\n\n<p><font color=\"#ffffff\"><span style=\"font-size: 14px;\">Duraci\u00f3n 15 min<\/span><\/font><\/p><p><font color=\"#ffffff\"><span style=\"font-size: 14px;\">Entrega de 2 fotos con retoque avanzado full, tu eliges las fotos<\/span><\/font><\/p><p><span style=\"color: rgb(255, 255, 255);\">Entrega de 15 fotos calibradas (sin retoque)<\/span><font color=\"#ffffff\"><span style=\"font-size: 14px;\"><\/span><\/font><\/p><p><font color=\"#ffffff\"><span style=\"font-size: 14px;\">1 fondo a elecci\u00f3n (entre gris, blanco o negro)<\/span><\/font><\/p><p><font color=\"#ffffff\"><span style=\"font-size: 14px;\">En estudio en \u00d1u\u00f1oa o en tu oficina&nbsp;<\/span><\/font><span style=\"color: rgb(255, 255, 255);\">(se hace un recargo por traslados)<\/span><\/p><p><font color=\"#ffffff\"><span style=\"font-size: 14px;\">M\u00e1ximo 1 persona<\/span><\/font><\/p><p><font color=\"#ffffff\"><span style=\"font-size: 14px;\">Precios especiales para grupos grandes de empresas u otros<\/span><\/font><\/p><p><font color=\"#ffffff\" style=\"color: rgb(0, 0, 0); background-color: rgb(255, 255, 255);\"><strong>OFERTA $30.000.- antes <strike>$40.000.-<\/strike><\/strong><\/font><\/p>\n<p><span style=\"color: rgb(255, 255, 255); font-family: Roboto;\">MAQUILLAJE FOTOGRAFICO<\/span><\/p><p><span style=\"font-family: Roboto; background-color: rgb(134, 125, 119);\"><font color=\"#ffffff\">Para retrato corporativo (tapar brillo, imperfecciones y ojeras)<\/font><\/span><\/p><p><span style=\"background-color: rgb(255, 255, 255); color: rgb(0, 0, 0); font-family: Roboto;\">Valor hombre $15.000.-<\/span><\/p><p><span style=\"background-color: rgb(255, 255, 255); color: rgb(0, 0, 0); font-family: Roboto;\">Valor mujer $30.000.-<\/span><\/p>\n\n\n<p><span style=\"color: rgb(255, 255, 255);\">Duraci\u00f3n&nbsp;<\/span><font color=\"#ffffff\">60 min<\/font><\/p><p><span style=\"color: rgb(255, 255, 255);\">Entrega de 8 fotos con retoque avanzado full,&nbsp;<\/span><span style=\"color: rgb(255, 255, 255);\">tu eliges las fotos<\/span><\/p><p><span style=\"color: rgb(255, 255, 255);\">Entrega de minimo 50 fotos calibradas de color y exposici\u00f3n (sin retoque)<\/span><span style=\"color: rgb(255, 255, 255);\"><\/span><\/p><p><span id=\"docs-internal-guid-83511848-7fff-0974-945d-8f6f79764a75\"><span style=\"font-size: 10.5pt; font-family: Roboto, sans-serif; color: rgb(255, 255, 255); background-color: transparent; font-variant-numeric: normal; font-variant-east-asian: normal; font-variant-alternates: normal; font-variant-position: normal; font-variant-emoji: normal; vertical-align: baseline; white-space-collapse: preserve;\">2 fondos a elecci\u00f3n (entre gris, blanco, negro, celeste, naranja, amarillo, fucsia, veteado terracota)<\/span><\/span><\/p><p><span style=\"color: rgb(255, 255, 255);\">En estudio en \u00d1u\u00f1oa o en parque&nbsp;<\/span><span style=\"color: rgb(255, 255, 255);\">(se hace un recargo por traslados)<\/span><\/p><p><font color=\"#ffffff\">M\u00e1ximo 2 personas<\/font><\/p><p><font color=\"#ffffff\" style=\"color: rgb(0, 0, 0); background-color: rgb(255, 255, 255);\"><strong>OFERTA $75.000.- antes&nbsp;<strike>$90.000.-<\/strike><\/strong><\/font><\/p>\n<p><span style=\"color: rgb(255, 255, 255); font-family: Roboto;\">MAQUILLAJE FOTOGRAFICO PRO<\/span><\/p><p><span style=\"color: rgb(255, 255, 255); font-family: Roboto;\">Para sesion de portafolio (retoque avanzado personalizado para el cliente)<\/span><\/p><p><span style=\"color: rgb(255, 255, 255); font-family: Roboto;\">valor por persona<\/span><\/p><p><font color=\"#ffffff\" style=\"background-color: rgb(255, 255, 255); color: rgb(0, 0, 0);\">Valor en estudio $50.000.-<\/font><\/p>\n\n\n<p><span style=\"color: rgb(255, 255, 255);\">Duraci\u00f3n 90<\/span><font color=\"#ffffff\">&nbsp;min<\/font><\/p><p><span style=\"color: rgb(255, 255, 255);\">Entrega de 15 fotos con retoque avanzado full,&nbsp;<\/span><span style=\"color: rgb(255, 255, 255);\">tu eliges las fotos<\/span><\/p><p><span style=\"color: rgb(255, 255, 255);\">Entrega de minimo 100 fotos calibradas de color y exposici\u00f3n (sin retoque)<\/span><\/p><p><span id=\"docs-internal-guid-83511848-7fff-0974-945d-8f6f79764a75\"><span style=\"font-size: 10.5pt; font-family: Roboto, sans-serif; color: rgb(255, 255, 255); background-color: transparent; font-variant-numeric: normal; font-variant-east-asian: normal; font-variant-alternates: normal; font-variant-position: normal; font-variant-emoji: normal; vertical-align: baseline; white-space-collapse: preserve;\">Posibilidad de hasta 3 fondos a elecci\u00f3n <\/span><\/span><span style=\"color: rgb(255, 255, 255); font-family: Roboto, sans-serif; white-space-collapse: preserve;\"> (entre gris, blanco, negro, celeste, naranja, amarillo, fucsia, veteado terracota)<\/span><\/p><p><span style=\"color: rgb(255, 255, 255);\">En estudio en \u00d1u\u00f1oa o en parque&nbsp;<\/span><span style=\"color: rgb(255, 255, 255);\">(se hace un recargo por traslados)<\/span><\/p><p><font color=\"#ffffff\">M\u00e1ximo 3 persona<\/font><\/p><p><font color=\"#ffffff\" style=\"color: rgb(0, 0, 0); background-color: rgb(255, 255, 255);\"><strong>OFERTA $110.000.- antes&nbsp;<strike>$130.000.-<\/strike><\/strong><\/font><\/p>\n<p><span style=\"color: rgb(255, 255, 255); font-family: Roboto;\">MAQUILLAJE FOTOGRAFICO PRO<\/span><\/p><p><span style=\"color: rgb(255, 255, 255); font-family: Roboto;\">Para sesion de Full (retoque avanzado personalizado para el cliente)<\/span><\/p><p><span style=\"color: rgb(255, 255, 255); font-family: Roboto;\">valor por 2 personas<\/span><\/p><p><font color=\"#ffffff\" style=\"background-color: rgb(255, 255, 255); color: rgb(0, 0, 0);\">Valor en estudio $90.000.-<\/font><\/p>\n\n\n\n\n\n\n<span style=\"color:#ffc266;\"><span style=\"\">Fotos<\/span> a ropa<\/span>\n\n\n<p><font color=\"#ffffff\"><span style=\"font-size: 14px;\">Fondo blanco u otro color<\/span><\/font><\/p><p><font color=\"#ffffff\"><span style=\"font-size: 14px;\">Retoque y postproducci\u00f3n<\/span><\/font><\/p><p><font color=\"#ffffff\"><span style=\"font-size: 14px;\">minimo 20 fotos<\/span><\/font><\/p><p><font color=\"#ffffff\">3000&#215;3000 px png o seg\u00fan solicite el cliente<\/font><\/p><p><font color=\"#ffffff\">Estudio en \u00d1u\u00f1oa o locaci\u00f3n, se cobra extra traslados<\/font><\/p><p><font color=\"#ffffff\">No incluye modelo<\/font><\/p><p><font color=\"#ffffff\">No incluye maquillaje<\/font><\/p><p><font color=\"#ffffff\">Valor por foto<\/font><\/p><p><font color=\"#ffffff\"><strong style=\"color: rgb(0, 0, 0); background-color: rgb(255, 255, 255);\">$6.000.- antes <strike style=\"\">$9.000.-<\/strike><\/strong><\/font><\/p>\n\n\n<p><font color=\"#ffffff\">Fondo blanco u otro color<\/font><\/p><p><font color=\"#ffffff\">Retoque y postproducci\u00f3n<\/font><\/p><p><font color=\"#ffffff\">minimo 10 fotos<\/font><\/p><p><font color=\"#ffffff\">3000&#215;3000 px png o seg\u00fan solicite el cliente<\/font><\/p><p><font color=\"#ffffff\">Estudio en \u00d1u\u00f1oa<\/font><\/p><p><font color=\"#ffffff\">No incluye planchado<\/font><\/p><p><font color=\"#ffffff\">incluye montaje del interior<\/font><\/p><p><font color=\"#ffffff\">Valor por foto<\/font><\/p><span style=\"color: rgb(0, 0, 0); background-color: rgb(255, 255, 255);\"><strong><p><font color=\"#ffffff\"><\/font><\/p><p><font color=\"#ffffff\"><span style=\"color: rgb(0, 0, 0); background-color: rgb(255, 255, 255);\">$11.000.- antes&nbsp;<strike style=\"\">$15.000.-<\/strike><\/span><\/font><\/p><\/strong><\/span><p><font color=\"#ffffff\"><strong><strike><\/strike><\/strong><\/font><\/p>\n\n\n<p><font color=\"#ffffff\">Fondo blanco u otro color<\/font><\/p><p><font color=\"#ffffff\">Retoque y postproducci\u00f3n<\/font><\/p><p><font color=\"#ffffff\">minimo 20 fotos<\/font><\/p><p><font color=\"#ffffff\">3000&#215;3000 px png o seg\u00fan solicite el cliente<\/font><\/p><p><font color=\"#ffffff\">Estudio en \u00d1u\u00f1oa o en locaci\u00f3n se cobra extra traslados<\/font><\/p><p><font color=\"#ffffff\">No incluye planchado<\/font><\/p><p><font color=\"#ffffff\">incluye armado ropa<\/font><\/p><p><font color=\"#ffffff\">Valor por foto<\/font><\/p><span style=\"color: rgb(0, 0, 0); background-color: rgb(255, 255, 255);\"><p><font color=\"#ffffff\"><\/font><\/p><p><font color=\"#ffffff\"><strong style=\"background-color: rgb(255, 255, 255); color: rgb(0, 0, 0);\">$6.000.- antes&nbsp;<strike>$9.000.-<\/strike><\/strong><\/font><\/p><\/span><p><font color=\"#ffffff\"><strong><strike><\/strike><\/strong><\/font><\/p>\n\n\n\n\n\n\n<span style=\"color:#ffc266;\">Fotos a productos<\/span>\n\n\n<p><font color=\"#ffffff\"><span style=\"font-size: 14px;\">Fondo blanco u otro color<\/span><\/font><\/p><p><font color=\"#ffffff\"><span style=\"font-size: 14px;\">Retoque y post produccion<\/span><\/font><\/p><p><font color=\"#ffffff\"><span style=\"font-size: 14px;\">minimo 10 fotos<\/span><\/font><\/p><p><font color=\"#ffffff\">3000&#215;3000 px en png o seg\u00fan solicite el cliente<\/font><\/p><p><font color=\"#ffffff\">Estudio en \u00d1u\u00f1oa o locaci\u00f3n del cliente, se cobra extra traslados<\/font><\/p><p><font color=\"#ffffff\">Productos ambientados no incluye elementos decorativos<\/font><\/p><p><font color=\"#ffffff\">Valor por foto<\/font><\/p><p><font color=\"#ffffff\" style=\"color: rgb(0, 0, 0); background-color: rgb(255, 255, 255);\"><strong>OFERTA $8.000.- antes <strike>$11.000.-<\/strike><\/strong><\/font><\/p>\n\n\n<p><font color=\"#ffffff\">Fondo blanco u otro color<\/font><\/p><p><font color=\"#ffffff\">Retoque y post produccion<\/font><\/p><p><font color=\"#ffffff\">minimo 10 fotos<\/font><\/p><p><font color=\"#ffffff\">3000&#215;3000 px <\/font><span style=\"color: rgb(255, 255, 255); font-family: Roboto;\">en png o seg\u00fan solicite<\/span><font color=\"#ffffff\">&nbsp;el cliente<\/font><\/p><p><font color=\"#ffffff\">En locaci\u00f3n del cliente, se cobra extra traslados<\/font><\/p><p><font color=\"#ffffff\">Productos ambientados no incluye elementos decorativos<\/font><\/p><p><font color=\"#ffffff\">Valor por foto<\/font><\/p><p><font color=\"#ffffff\" style=\"color: rgb(0, 0, 0); background-color: rgb(255, 255, 255);\"><strong>OFERTA $12.000.- antes&nbsp;<strike>$16.000.-<\/strike><\/strong><\/font><\/p>\n\n\n<p><font color=\"#ffffff\">Fondo blanco, negro o gris<\/font><\/p><p><font color=\"#ffffff\">Edici\u00f3n y post produccion<\/font><\/p><p><font color=\"#ffffff\">minimo 10 productos<\/font><\/p><p><font color=\"#ffffff\">Video basico, dinamico y explicativo<\/font><\/p><p><font color=\"#ffffff\">video vertical editado de 30 seg aprox.<\/font><\/p><p><font color=\"#ffffff\">En locaci\u00f3n del cliente, se cobra extra traslados o en estudio en \u00d1u\u00f1oa<\/font><\/p><p><font color=\"#ffffff\">No incluye elementos decorativos<\/font><\/p><p><font color=\"#ffffff\">Valor por video<\/font><\/p><p><font color=\"#ffffff\" style=\"color: rgb(0, 0, 0); background-color: rgb(255, 255, 255);\"><strong>OFERTA $12.000.- antes&nbsp;<strike>$16.000.-<\/strike><\/strong><\/font><\/p>\n\n\n\n\n\n\n<span style=\"color: rgb(255, 194, 102);\">Fotos gastron\u00f3micas<\/span>\n\n\n<p><font color=\"#ffffff\"><span style=\"font-size: 14px;\">Fondo blanco u otro color<\/span><\/font><\/p><p><font color=\"#ffffff\"><span style=\"font-size: 14px;\">Retoque y postproducci\u00f3n<\/span><\/font><\/p><p><font color=\"#ffffff\"><span style=\"font-size: 14px;\">minimo 20 fotos<\/span><\/font><\/p><p><font color=\"#ffffff\">3000&#215;3000 px png o seg\u00fan solicite el cliente<\/font><\/p><p><font color=\"#ffffff\">En locaci\u00f3n, se cobra extra traslados<\/font><\/p><p><font color=\"#ffffff\">No incluye elementos decorativos<\/font><\/p><p><font color=\"#ffffff\">fotos sin ambientaci\u00f3n o basica<\/font><\/p><p><font color=\"#ffffff\">Valor por foto<\/font><\/p><p><font color=\"#ffffff\" style=\"color: rgb(0, 0, 0); background-color: rgb(255, 255, 255);\"><strong>$8.000.- antes <strike>$11.000.-<\/strike><\/strong><\/font><\/p>\n\n\n<p><font color=\"#ffffff\">Fondo blanco u otro color<\/font><\/p><p><font color=\"#ffffff\">Retoque y postproducci\u00f3n<\/font><\/p><p><font color=\"#ffffff\">minimo 20 fotos<\/font><\/p><p><font color=\"#ffffff\">3000&#215;3000 px png o seg\u00fan solicite el cliente<\/font><\/p><p><font color=\"#ffffff\">En locaci\u00f3n, se cobra extra traslados<\/font><\/p><p><font color=\"#ffffff\">No incluye elementos decorativos<\/font><\/p><p><font color=\"#ffffff\">fotos tipo bodeg\u00f3n<\/font><\/p><p><font color=\"#ffffff\">Valor por foto<\/font><\/p><p><font color=\"#ffffff\" style=\"color: rgb(0, 0, 0); background-color: rgb(255, 255, 255);\"><strong>$12.000.- antes&nbsp;<strike>$15.000.<\/strike><\/strong><\/font><\/p>\n\n\n<p style=\"background-color: rgb(134, 125, 119);\"><font color=\"#ffffff\"><\/font><\/p><span style=\"background-color:#008a00;\"><p style=\"\"><font color=\"#ffffff\">Los elementos decorativos tienen un valor adicional, pero de igual forma tenemos algunos a disposici\u00f3n sin costo adicional&nbsp;<\/font><span style=\"color: rgb(255, 255, 255); background-color: rgb(134, 125, 119); font-family: Roboto;\"><\/span><\/p><\/span><span style=\"background-color:#008a00;\"><span style=\"\"><p style=\"\"><span style=\"color: rgb(255, 255, 255); font-family: Roboto;\">Traslados a terreno&nbsp;<\/span><span style=\"color: rgb(255, 255, 255); font-family: Roboto;\">en un radio cercano a \u00d1u\u00f1oa:&nbsp;<\/span><span style=\"color: rgb(0, 0, 0); font-family: Roboto; background-color: rgb(255, 255, 255);\">Valor $50.000.-&nbsp;<\/span><\/p><p style=\"\"><span style=\"color: rgb(255, 255, 255); font-family: Roboto;\">Radio mas lejano:&nbsp;<\/span><span style=\"color: rgb(255, 255, 255); font-family: Roboto;\">Valor a conversar<\/span><\/p><\/span><\/span><p style=\"background-color: rgb(134, 125, 119);\"><font color=\"#ffffff\"><\/font><\/p><span style=\"background-color:#008a00;\"><p style=\"\"><span style=\"color: rgb(255, 255, 255); font-family: Roboto;\">Los fondos disponibles para gastronom\u00eda son negro un poco veteado blanco, tipo arena, varios impresos tipo tablas y metales, palo de rosa veteado, preguntar si quieren algo especial y podemos verlo<\/span><\/p><\/span><p style=\"background-color: rgb(134, 125, 119);\"><font color=\"#ffffff\"><\/font><\/p><p><br><\/p>\n\n\n\n\n\n\n\n\n\n\n\n<span style=\"color: rgb(255, 194, 102);\">Cobertura de eventos y otros<\/span>\n\n\n<p><span style=\"font-family: Roboto; color: rgb(255, 255, 255);\">1 camar\u00f3grafo cubriendo el evento, video&nbsp;<\/span><span style=\"font-family: Roboto; color: rgb(255, 255, 255);\">editado<\/span><span style=\"font-family: Roboto; color: rgb(255, 255, 255);\">&nbsp;de 3 a 5 <\/span><span style=\"font-family: Roboto; color: rgb(255, 255, 255);\">aprox.<\/span><\/p><p><font color=\"#ffffff\">1 fotografo cubriendo el evento<\/font><span style=\"font-family: Roboto; color: rgb(255, 255, 255);\">&nbsp;Entrega 250 fotos retocadas aprox.<\/span><span style=\"color: rgb(255, 255, 255); font-family: Roboto;\">&nbsp;<\/span><\/p><p><span style=\"font-family: Roboto; color: rgb(0, 0, 0); background-color: rgb(255, 255, 255);\">Valor 6 horas $405.000.- mas traslados<\/span><\/p><p><span style=\"font-family: Roboto; color: rgb(255, 255, 255);\">Consultar por mas o menos horas de igual forma los valores son relativos, dependiendo de los requerimientos particulares.<\/span><\/p>\n\n\n<p><span style=\"color: rgb(255, 255, 255); font-family: Roboto;\">1 camar\u00f3grafo cubriendo el evento, video&nbsp;<\/span><span style=\"color: rgb(255, 255, 255); font-family: Roboto;\">editado<\/span><span style=\"font-family: Roboto; color: rgb(255, 255, 255);\">&nbsp;de 3 a 5min<\/span><span style=\"font-family: Roboto; color: rgb(255, 255, 255);\">&nbsp;<\/span><span style=\"font-family: Roboto; color: rgb(255, 255, 255);\">aprox.<\/span><span style=\"font-family: Roboto; color: rgb(255, 255, 255);\">&nbsp;<\/span><\/p><p><span style=\"color: rgb(0, 0, 0); font-family: Roboto; background-color: rgb(255, 255, 255);\">Valor 6 horas $225.000.- mas traslados<\/span><\/p><p><span style=\"color: rgb(255, 255, 255); font-family: Roboto;\">Consultar por mas o menos horas de igual forma los valores son relativos, dependiendo de los requerimientos particulares.<\/span><\/p>\n\n\n<p><font color=\"#ffffff\">1 fotografo cubriendo el evento<\/font><span style=\"color: rgb(255, 255, 255); font-family: Roboto;\">&nbsp;Entrega 250 fotos retocadas aprox.<\/span><\/p><p><span style=\"color: rgb(0, 0, 0); font-family: Roboto; background-color: rgb(255, 255, 255);\">Valor 6 horas $200.000.- mas traslados<\/span><\/p><p><span style=\"color: rgb(255, 255, 255); font-family: Roboto;\">Consultar por mas o menos horas de igual forma los valores son relativos, dependiendo de los requerimientos particulares.<\/span><\/p>\n\n\n\n\n","protected":false},"excerpt":{"rendered":"","protected":false},"author":1,"featured_media":0,"parent":0,"menu_order":0,"comment_status":"closed","ping_status":"closed","template":"","meta":{"pagelayer_contact_templates":[],"_pagelayer_content":"","_monsterinsights_skip_tracking":false,"_monsterinsights_sitenote_active":false,"_monsterinsights_sitenote_note":"","_monsterinsights_sitenote_category":0,"_uf_show_specific_survey":0,"_uf_disable_surveys":false,"footnotes":""},"class_list":["post-399","page","type-page","status-publish","hentry"],"aioseo_notices":[],"_links":{"self":[{"href":"https:\/\/www.fotorama.cl\/pro\/wp-json\/wp\/v2\/pages\/399","targetHints":{"allow":["GET"]}}],"collection":[{"href":"https:\/\/www.fotorama.cl\/pro\/wp-json\/wp\/v2\/pages"}],"about":[{"href":"https:\/\/www.fotorama.cl\/pro\/wp-json\/wp\/v2\/types\/page"}],"author":[{"embeddable":true,"href":"https:\/\/www.fotorama.cl\/pro\/wp-json\/wp\/v2\/users\/1"}],"replies":[{"embeddable":true,"href":"https:\/\/www.fotorama.cl\/pro\/wp-json\/wp\/v2\/comments?post=399"}],"version-history":[{"count":46,"href":"https:\/\/www.fotorama.cl\/pro\/wp-json\/wp\/v2\/pages\/399\/revisions"}],"predecessor-version":[{"id":1044,"href":"https:\/\/www.fotorama.cl\/pro\/wp-json\/wp\/v2\/pages\/399\/revisions\/1044"}],"wp:attachment":[{"href":"https:\/\/www.fotorama.cl\/pro\/wp-json\/wp\/v2\/media?parent=399"}],"curies":[{"name":"wp","href":"https:\/\/api.w.org\/{rel}","templated":true}]}}