{"id":175,"date":"2024-12-11T23:28:12","date_gmt":"2024-12-12T02:28:12","guid":{"rendered":"https:\/\/fotorama.cl\/pro\/?page_id=175"},"modified":"2025-09-10T13:02:13","modified_gmt":"2025-09-10T16:02:13","slug":"foto-estudio-sesiones-fotograficas","status":"publish","type":"page","link":"https:\/\/www.fotorama.cl\/pro\/foto-estudio-sesiones-fotograficas\/","title":{"rendered":"Sesiones fotograficas"},"content":{"rendered":"\n\n\n\n<h2>foto estudio\/ Sesiones fotogr\u00e1ficas <\/h2>\n<h3>Retratos y campa\u00f1as<\/h3>\n<p>En Fotorama somos un <strong>estudio fotogr\u00e1fico profesional en Santiago<\/strong>, dedicado a entregar soluciones visuales que marquen la diferencia. Nos encargamos d etu portafolio, creando im\u00e1genes que no solo muestran, sino que transmiten valor, estilo y personalidad. Cada sesi\u00f3n es un proceso creativo pensado en funci\u00f3n de las necesidades de la marca, con atenci\u00f3n a los detalles, la est\u00e9tica y el mensaje visual que se desea proyectar.<\/p>\n<p><br>Ofrecemos <strong>sesiones fotogr\u00e1ficas personalizadas<\/strong>, producci\u00f3n visual de alta calidad y servicio integral en nuestro <strong>foto estudio profesional<\/strong>, equipado con tecnolog\u00eda de \u00faltima generaci\u00f3n y dirigido por un equipo experto en direcci\u00f3n de arte y fotograf\u00eda comercial. Nuestros servicios son ideales para <strong>emprendedores, marcas consolidadas, agencias de publicidad y dise\u00f1adores de moda<\/strong> que buscan destacar en un entorno competitivo.<\/p>\n<p>En Fotorama trabajamos con <strong>creatividad, t\u00e9cnica y un enfoque visual moderno y comercial<\/strong>, ayudando a cada cliente a potenciar su imagen y comunicar con fuerza en medios digitales, cat\u00e1logos, redes sociales y campa\u00f1as publicitarias.<\/p><p><\/p>\n\n\n\n\n\n\n\n","protected":false},"excerpt":{"rendered":"","protected":false},"author":1,"featured_media":0,"parent":0,"menu_order":0,"comment_status":"closed","ping_status":"closed","template":"","meta":{"pagelayer_contact_templates":[],"_pagelayer_content":"","_monsterinsights_skip_tracking":false,"_monsterinsights_sitenote_active":false,"_monsterinsights_sitenote_note":"","_monsterinsights_sitenote_category":0,"_uf_show_specific_survey":0,"_uf_disable_surveys":false,"footnotes":""},"class_list":["post-175","page","type-page","status-publish","hentry"],"aioseo_notices":[],"_links":{"self":[{"href":"https:\/\/www.fotorama.cl\/pro\/wp-json\/wp\/v2\/pages\/175","targetHints":{"allow":["GET"]}}],"collection":[{"href":"https:\/\/www.fotorama.cl\/pro\/wp-json\/wp\/v2\/pages"}],"about":[{"href":"https:\/\/www.fotorama.cl\/pro\/wp-json\/wp\/v2\/types\/page"}],"author":[{"embeddable":true,"href":"https:\/\/www.fotorama.cl\/pro\/wp-json\/wp\/v2\/users\/1"}],"replies":[{"embeddable":true,"href":"https:\/\/www.fotorama.cl\/pro\/wp-json\/wp\/v2\/comments?post=175"}],"version-history":[{"count":8,"href":"https:\/\/www.fotorama.cl\/pro\/wp-json\/wp\/v2\/pages\/175\/revisions"}],"predecessor-version":[{"id":848,"href":"https:\/\/www.fotorama.cl\/pro\/wp-json\/wp\/v2\/pages\/175\/revisions\/848"}],"wp:attachment":[{"href":"https:\/\/www.fotorama.cl\/pro\/wp-json\/wp\/v2\/media?parent=175"}],"curies":[{"name":"wp","href":"https:\/\/api.w.org\/{rel}","templated":true}]}}